{"id":32,"date":"2011-07-08T16:18:40","date_gmt":"2011-07-08T16:18:40","guid":{"rendered":"http:\/\/www.heilpflanzenschule-bodensee.de\/?page_id=32"},"modified":"2025-04-11T14:52:18","modified_gmt":"2025-04-11T14:52:18","slug":"ausbildungen","status":"publish","type":"page","link":"http:\/\/www.heilpflanzenschule-bodensee.de\/?page_id=32","title":{"rendered":"Heilpflanzenausbildungen"},"content":{"rendered":"<p>Liebe Interessierte der Heilpflanzenschule-Bodensee, jetzt Hierbas Canarias<\/p>\n<p><img loading=\"lazy\" decoding=\"async\" class=\"alignright wp-image-63 size-full\" style=\"border: 1px solid white;\" title=\"Ausbildung\" src=\"http:\/\/www.heilpflanzenschule-bodensee.de\/wp-content\/uploads\/2011\/07\/ausbildung.jpg\" alt=\"Ausbildung\" width=\"300\" height=\"400\" srcset=\"http:\/\/www.heilpflanzenschule-bodensee.de\/wp-content\/uploads\/2011\/07\/ausbildung.jpg 300w, http:\/\/www.heilpflanzenschule-bodensee.de\/wp-content\/uploads\/2011\/07\/ausbildung-225x300.jpg 225w\" sizes=\"auto, (max-width: 300px) 100vw, 300px\" \/>In\u00a0unserer Heilpflanzenschule lernen Sie viel Wissenswertes \u00fcber Heilpflanzen mit all Ihren Sinnen. So k\u00f6nnen Sie sicher sein, dass sich das Gelernte, bzw. Erfahrene tief in Ihren Wissensschatz eingr\u00e4bt und, was mindestens ebenso wichtig ist: Sie werden Ihr Wissen gerne anwenden, ganz gleich in welchem Bereich Sie wirken.<\/p>\n<p>Sicher schauen Sie sich auf dem Markt der Heilpflanzenschulen genau um. Das ist auch richtig und wichtig! Schule und Student m\u00fcssen zueinander passen.<\/p>\n<p>Was k\u00f6nnte genau\u00a0unsere Schule\u00a0 f\u00fcr Sie interessant machen?<\/p>\n<p>Wenn Sie ein Mensch sind, der die Praxis liebt, der eine famili\u00e4re herzliche Athmosph\u00e4re in einer\u00a0<strong>kleinen Gruppe<\/strong>\u00a0sch\u00e4tzt, wenn Sie es sch\u00e4tzen, dass gen\u00fcgend und hochwertiges Material f\u00fcr alle bereit steht, dann sind Sie bei uns richtig!<\/p>\n<p>Wir bilden ganz bewusst in kleinen Gruppen (maximal 20 Personen) aus, damit wir auf Ihre Bed\u00fcrfnisse voll und ganz eingehen k\u00f6nnen. Wir bieten Ihnen\u00a0 in einer schnuckeligen Kr\u00e4uterwerkstatt mit Kaminofen eine individuelle Betreuung und viele hochwertige Materialien.<\/p>\n<p>Die qualifizierte Ausbildung kann auf verschiedene, anerkannte Berufe vorbereiten:<\/p>\n<p>Die T\u00e4tigkeit als Heilpraktiker,als naturheilkundlich orientierter Arzt, als Altenpflegerin, als Erzieherin, als Lehrerin, als pharmaz. techn. Assistentin, als G\u00e4rtner, als Drogist, im\u00a0Verkauf von Naturwaren und Kosmetik\u00a0usw.<\/p>\n<p>Das Wissen um die Wirkungsweisen der Heilpflanzen wird mehr und mehr gefragt und flie\u00dft so in viele Berufsbilder ein.<\/p>\n<p>Nat\u00fcrlich k\u00f6nnen Sie die Ausbildung auch zur privaten Bereicherung verwenden, ob f\u00fcr sich selbst, als Mutter, Gro\u00dfmutter, Freundin&#8230;<\/p>\n<p>Ihr Leben wird sich positiv ver\u00e4ndern&#8230;Und genau diese Ver\u00e4nderungen des t\u00e4glichen Lebens zu mehr Gesundheit und Allverbundenheit sch\u00e4tzen unsere TeilnehmerInnen sehr.<\/p>\n<p>Lesen Sie die Kommentare in unserem G\u00e4stebuch der Homepage und gewinnen Sie einen Eindruck der Atmosph\u00e4re und Bedeutung der Ausbildung f\u00fcr die Teilnehmer. Gerne stellen wir Ihnen auch einen Kontakt zu ehemaligen Sch\u00fclern her.<\/p>\n<p>(Die Ausbildung allein bef\u00e4higt nicht zur Behandlung mit Heilpflanzen ohne Erlaubnis zur Aus\u00fcbung der Heilkunde; g\u00fcltige Gesetze sind zu beachten)<\/p>\n<p><strong>Nach erfolgreicher Teilnahme erhalten Sie Ihr Zertifikat (mit Angabe der Ausbildungsinhalte)<\/strong><\/p>\n<p>Die Pflanzen werden Ihnen Ihren Weg zeigen. \u00a0Ich freue mich immer wieder \u00fcber die herrlichen \u201eZuf\u00e4lle\u201c meiner Kunden! Ebnen Sie sich den Weg in ein erf\u00fclltes Leben und lassen Sie sich \u00fcberraschen, wohin Sie gef\u00fchrt werden!<\/p>\n<p><img loading=\"lazy\" decoding=\"async\" class=\"alignright wp-image-166 size-full\" title=\"slogan_ausbildungen\" src=\"http:\/\/www.heilpflanzenschule-bodensee.de\/wp-content\/uploads\/2011\/07\/slogan_ausbildungen.jpg\" alt=\"\" width=\"468\" height=\"82\" srcset=\"http:\/\/www.heilpflanzenschule-bodensee.de\/wp-content\/uploads\/2011\/07\/slogan_ausbildungen.jpg 468w, http:\/\/www.heilpflanzenschule-bodensee.de\/wp-content\/uploads\/2011\/07\/slogan_ausbildungen-300x52.jpg 300w\" sizes=\"auto, (max-width: 468px) 100vw, 468px\" \/><br \/>\n<strong>Qualifizierte Heilpflanzenausbildung<\/strong><\/p>\n<p>W\u00e4hrend der Heilpflanzenausbildung\u00a0 lernen Sie vieles \u00fcber die medizinischen Inhaltsstoffe und deren Wirkungsweisen (Bsp. Bitterstoffe, Flavonoide, Cumarine, Schleimstoffe&#8230;).<\/p>\n<p>Denselben Stellenwert legen wir auf die praktische Umsetzung. Sie lernen, wie und wann die Pflanzen geerntet, getrocknet und verarbeitet werden anhand eigener praktischer \u00dcbungen. Es entstehen Salben, Tinkturen, Wickel und Auflagen, Duschgels, Lippenpflegestifte, K\u00f6stlichkeiten aus der Wildkr\u00e4uterk\u00fcche, Lik\u00f6re, Massage\u00f6le&#8230;<\/p>\n<p><strong>Ich biete folgende Heilpflanzenausbildungen an:<\/strong><\/p>\n<p style=\"text-align: left;\"><strong>Wochenendausbildung an 9 Sonntagen: <\/strong>Diese Kurse finden derzeit regelm\u00e4\u00dfig auf La Palma statt. Es gibt eine Gruppe f\u00fcr Frauen und eine f\u00fcr M\u00e4nner.<\/p>\n<p><strong>Kompaktausbildung an 6 aufeinander folgenden Tagen:<\/strong> Diese Ausbildung findet\u00a0 auf La Palma statt. N\u00e4here Infos gerne per privater Anfrage an mich: 0034 643 635 653<\/p>\n<p><strong>Sonderseminare und Workshops:\u00a0<\/strong>Wenn Sie eine Gruppe sind, k\u00f6nnen Sie auch Sonderseminare und Workshops mit den unterschiedlichsten Themen buchen. Zum Beispiel Salben r\u00fchren, Naturkosmetik herstellen, Kr\u00e4uterspazierg\u00e4nge, Bachbl\u00fctenherstellung usw. Oder Sie haben einen Herzenswunsch? Wir freuen uns, von Ihnen zu h\u00f6ren.<\/p>\n<p><strong>Telegramgruppe &#8222;Kr\u00e4uterstammtisch&#8220;:\u00a0<\/strong>Gerne k\u00f6nnen Sie mich \u00fcber obige Telefonnummer anschreiben und ich f\u00fcge Sie der Gruppe bei. Hier tauschen wir uns \u00fcber unsere Erfahrungen, Fragen, Rezepte bez\u00fcglich der Heilpflanzen aus. Es ist eine wunderbare Gemeinschaft entstanden, die sich gemeinsam positiv ausrichtet und ermuntert.<\/p>\n<p>&nbsp;<\/p>\n<p>Jeder Teilnehmer erh\u00e4lt nach Abschluss der Ausbildung ein <strong>Zertifikat<\/strong>.<br \/>\n<strong>\u00a0<\/strong><strong>\u00a0<\/strong><\/p>\n<p><strong>Termine 2025\/2026:<\/strong><\/p>\n<p><strong>Wochenendausbildung an 9 Sonntagen: 2<\/strong>. November 2025, 16. November 2025, 30. November 2025, 7. Dezember 2025, 21. Dezember 2025, 6. Januar 2026, 18. Januar 2026, 1. Februar 2026, 8. Februar 2026,\u00a0 jeweils im Norden La Palmas\u00a0 \u00a0 \u00a0 \u00a0 \u00a0 \u00a0 \u00a0 \u00a0 \u00a0 <strong>Kompaktausbildung an 7 auf einander folgenden Tagen: : 12<\/strong>. bis 18. Dezember 2025 oder alternativ 1. bis 7. M\u00e4rz 2026 im Norden La Palmas<\/p>\n<p>Bitte melden Sie sich vorab per E-Mail (info@hp-winter.de) an, damit sicher ein Platz f\u00fcr Sie reserviert ist. Die Teilnehmerzahl ist begrenzt .<\/p>\n<p><strong>Wir freuen uns auf Sie, die Gruppe und die neue Saison!<\/strong><\/p>\n","protected":false},"excerpt":{"rendered":"<p>Liebe Interessierte der Heilpflanzenschule-Bodensee, jetzt Hierbas Canarias In\u00a0unserer Heilpflanzenschule lernen Sie viel Wissenswertes \u00fcber Heilpflanzen mit all Ihren Sinnen. So k\u00f6nnen Sie sicher sein, dass sich das Gelernte, bzw. Erfahrene tief in Ihren Wissensschatz eingr\u00e4bt und, was mindestens ebenso wichtig &hellip; <a href=\"http:\/\/www.heilpflanzenschule-bodensee.de\/?page_id=32\">Weiterlesen <span class=\"meta-nav\">&rarr;<\/span><\/a><\/p>\n","protected":false},"author":1,"featured_media":0,"parent":0,"menu_order":0,"comment_status":"closed","ping_status":"closed","template":"","meta":{"footnotes":""},"class_list":["post-32","page","type-page","status-publish","hentry"],"_links":{"self":[{"href":"http:\/\/www.heilpflanzenschule-bodensee.de\/index.php?rest_route=\/wp\/v2\/pages\/32","targetHints":{"allow":["GET"]}}],"collection":[{"href":"http:\/\/www.heilpflanzenschule-bodensee.de\/index.php?rest_route=\/wp\/v2\/pages"}],"about":[{"href":"http:\/\/www.heilpflanzenschule-bodensee.de\/index.php?rest_route=\/wp\/v2\/types\/page"}],"author":[{"embeddable":true,"href":"http:\/\/www.heilpflanzenschule-bodensee.de\/index.php?rest_route=\/wp\/v2\/users\/1"}],"replies":[{"embeddable":true,"href":"http:\/\/www.heilpflanzenschule-bodensee.de\/index.php?rest_route=%2Fwp%2Fv2%2Fcomments&post=32"}],"version-history":[{"count":97,"href":"http:\/\/www.heilpflanzenschule-bodensee.de\/index.php?rest_route=\/wp\/v2\/pages\/32\/revisions"}],"predecessor-version":[{"id":736,"href":"http:\/\/www.heilpflanzenschule-bodensee.de\/index.php?rest_route=\/wp\/v2\/pages\/32\/revisions\/736"}],"wp:attachment":[{"href":"http:\/\/www.heilpflanzenschule-bodensee.de\/index.php?rest_route=%2Fwp%2Fv2%2Fmedia&parent=32"}],"curies":[{"name":"wp","href":"https:\/\/api.w.org\/{rel}","templated":true}]}}