{"id":22,"date":"2011-07-08T15:55:41","date_gmt":"2011-07-08T15:55:41","guid":{"rendered":"http:\/\/www.heilpflanzenschule-bodensee.de\/?page_id=22"},"modified":"2024-09-16T13:51:04","modified_gmt":"2024-09-16T13:51:04","slug":"uber-mich","status":"publish","type":"page","link":"http:\/\/www.heilpflanzenschule-bodensee.de\/?page_id=22","title":{"rendered":"\u00dcber mich"},"content":{"rendered":"\n<figure class=\"wp-block-image size-full is-resized\"><a href=\"http:\/\/www.heilpflanzenschule-bodensee.de\/wp-content\/uploads\/2011\/07\/pflanzen.jpg\"><img loading=\"lazy\" decoding=\"async\" width=\"400\" height=\"300\" src=\"http:\/\/www.heilpflanzenschule-bodensee.de\/wp-content\/uploads\/2011\/07\/pflanzen.jpg\" alt=\"Preise\" class=\"wp-image-66\" style=\"width:670px;height:auto\" srcset=\"http:\/\/www.heilpflanzenschule-bodensee.de\/wp-content\/uploads\/2011\/07\/pflanzen.jpg 400w, http:\/\/www.heilpflanzenschule-bodensee.de\/wp-content\/uploads\/2011\/07\/pflanzen-300x225.jpg 300w\" sizes=\"auto, (max-width: 400px) 100vw, 400px\" \/><\/a><\/figure>\n\n\n<p>&nbsp;<\/p>\n<p><em>Mein Name ist Iris Winter-Markward, <\/em><\/p>\n<p><em>ich bin Mutter von drei Kindern und Gro\u00dfmutter von drei Enkeln. Meine Leidenschaft sind, neben meiner Familie, die Pflanzen.\u00a0 Wie\u00a0 sie mit uns in Verbindung gehen, uns helfen m\u00f6chten, gesund zu bleiben oder zu werden, fasziniert mich. Diese Faszination, diesen Funke m\u00f6chte ich in meinen Kursen weitergeben. Immer mehr Menschen bemerken, dass wir uns von der Natur entfernt haben. Doch in jedem von uns schlummert die Sehnsucht, diesen Weg wieder zu begehen. Zur\u00fcck zu unseren Wurzeln und damit zur\u00fcck zu einer tiefen Verbundenheit und Innerer Ruhe. Das w\u00fcnsche ich mir f\u00fcr alle meine Teilnehmer die ich sehr gerne auf ihrem Weg begleite.\u00a0<\/em><\/p>\n<p><img loading=\"lazy\" decoding=\"async\" class=\"wp-image-174 size-full aligncenter\" title=\"\u00dcber mich\" src=\"http:\/\/www.heilpflanzenschule-bodensee.de\/wp-content\/uploads\/2011\/07\/slogan_uebermich.jpg\" alt=\"\u00dcber mich\" width=\"420\" height=\"89\" srcset=\"http:\/\/www.heilpflanzenschule-bodensee.de\/wp-content\/uploads\/2011\/07\/slogan_uebermich.jpg 420w, http:\/\/www.heilpflanzenschule-bodensee.de\/wp-content\/uploads\/2011\/07\/slogan_uebermich-300x63.jpg 300w\" sizes=\"auto, (max-width: 420px) 100vw, 420px\" \/><\/p>\n<p>&nbsp;<\/p>\n<p>&nbsp;<\/p>\n<p>Ich freue mich auf Dich!<\/p>\n\n\n<figure class=\"wp-block-image size-large\"><a href=\"http:\/\/www.heilpflanzenschule-bodensee.de\/wp-content\/uploads\/2024\/09\/2.7.11-Pflanzen-007-scaled.jpg\"><img loading=\"lazy\" decoding=\"async\" width=\"1024\" height=\"768\" src=\"http:\/\/www.heilpflanzenschule-bodensee.de\/wp-content\/uploads\/2024\/09\/2.7.11-Pflanzen-007-1024x768.jpg\" alt=\"\" class=\"wp-image-706\" srcset=\"http:\/\/www.heilpflanzenschule-bodensee.de\/wp-content\/uploads\/2024\/09\/2.7.11-Pflanzen-007-1024x768.jpg 1024w, http:\/\/www.heilpflanzenschule-bodensee.de\/wp-content\/uploads\/2024\/09\/2.7.11-Pflanzen-007-300x225.jpg 300w, http:\/\/www.heilpflanzenschule-bodensee.de\/wp-content\/uploads\/2024\/09\/2.7.11-Pflanzen-007-768x576.jpg 768w, http:\/\/www.heilpflanzenschule-bodensee.de\/wp-content\/uploads\/2024\/09\/2.7.11-Pflanzen-007-1536x1152.jpg 1536w, http:\/\/www.heilpflanzenschule-bodensee.de\/wp-content\/uploads\/2024\/09\/2.7.11-Pflanzen-007-2048x1536.jpg 2048w\" sizes=\"auto, (max-width: 1024px) 100vw, 1024px\" \/><\/a><\/figure>\n","protected":false},"excerpt":{"rendered":"<p>&nbsp; Mein Name ist Iris Winter-Markward, ich bin Mutter von drei Kindern und Gro\u00dfmutter von drei Enkeln. Meine Leidenschaft sind, neben meiner Familie, die Pflanzen.\u00a0 Wie\u00a0 sie mit uns in Verbindung gehen, uns helfen m\u00f6chten, gesund zu bleiben oder zu &hellip; <a href=\"http:\/\/www.heilpflanzenschule-bodensee.de\/?page_id=22\">Weiterlesen <span class=\"meta-nav\">&rarr;<\/span><\/a><\/p>\n","protected":false},"author":1,"featured_media":0,"parent":0,"menu_order":0,"comment_status":"closed","ping_status":"closed","template":"","meta":{"footnotes":""},"class_list":["post-22","page","type-page","status-publish","hentry"],"_links":{"self":[{"href":"http:\/\/www.heilpflanzenschule-bodensee.de\/index.php?rest_route=\/wp\/v2\/pages\/22","targetHints":{"allow":["GET"]}}],"collection":[{"href":"http:\/\/www.heilpflanzenschule-bodensee.de\/index.php?rest_route=\/wp\/v2\/pages"}],"about":[{"href":"http:\/\/www.heilpflanzenschule-bodensee.de\/index.php?rest_route=\/wp\/v2\/types\/page"}],"author":[{"embeddable":true,"href":"http:\/\/www.heilpflanzenschule-bodensee.de\/index.php?rest_route=\/wp\/v2\/users\/1"}],"replies":[{"embeddable":true,"href":"http:\/\/www.heilpflanzenschule-bodensee.de\/index.php?rest_route=%2Fwp%2Fv2%2Fcomments&post=22"}],"version-history":[{"count":30,"href":"http:\/\/www.heilpflanzenschule-bodensee.de\/index.php?rest_route=\/wp\/v2\/pages\/22\/revisions"}],"predecessor-version":[{"id":712,"href":"http:\/\/www.heilpflanzenschule-bodensee.de\/index.php?rest_route=\/wp\/v2\/pages\/22\/revisions\/712"}],"wp:attachment":[{"href":"http:\/\/www.heilpflanzenschule-bodensee.de\/index.php?rest_route=%2Fwp%2Fv2%2Fmedia&parent=22"}],"curies":[{"name":"wp","href":"https:\/\/api.w.org\/{rel}","templated":true}]}}