{"id":186,"date":"2011-07-14T14:28:36","date_gmt":"2011-07-14T14:28:36","guid":{"rendered":"http:\/\/www.heilpflanzenschule-bodensee.de\/?page_id=186"},"modified":"2014-10-22T15:35:05","modified_gmt":"2014-10-22T15:35:05","slug":"gastebuch","status":"publish","type":"page","link":"http:\/\/www.heilpflanzenschule-bodensee.de\/?page_id=186","title":{"rendered":"G\u00e4stebuch"},"content":{"rendered":"<p>Liebe Teilnehmer,<\/p>\n<p>wie hat Ihnen unser Seminar gefallen?<\/p>\n<p>Ich freue mich \u00fcber R\u00fcckmeldungen!<\/p>\n<p><em>(Das G\u00e4stebuch ist \u00f6ffentlich. Die Kommentare werden vor Ver\u00f6ffentlichung gepr\u00fcft und freigeschaltet. Danke f\u00fcr Ihre Geduld.)<\/em><\/p>\n","protected":false},"excerpt":{"rendered":"<p>Liebe Teilnehmer, wie hat Ihnen unser Seminar gefallen? Ich freue mich \u00fcber R\u00fcckmeldungen! (Das G\u00e4stebuch ist \u00f6ffentlich. Die Kommentare werden vor Ver\u00f6ffentlichung gepr\u00fcft und freigeschaltet. Danke f\u00fcr Ihre Geduld.)<\/p>\n","protected":false},"author":1,"featured_media":0,"parent":0,"menu_order":0,"comment_status":"open","ping_status":"closed","template":"","meta":{"footnotes":""},"class_list":["post-186","page","type-page","status-publish","hentry"],"_links":{"self":[{"href":"http:\/\/www.heilpflanzenschule-bodensee.de\/index.php?rest_route=\/wp\/v2\/pages\/186","targetHints":{"allow":["GET"]}}],"collection":[{"href":"http:\/\/www.heilpflanzenschule-bodensee.de\/index.php?rest_route=\/wp\/v2\/pages"}],"about":[{"href":"http:\/\/www.heilpflanzenschule-bodensee.de\/index.php?rest_route=\/wp\/v2\/types\/page"}],"author":[{"embeddable":true,"href":"http:\/\/www.heilpflanzenschule-bodensee.de\/index.php?rest_route=\/wp\/v2\/users\/1"}],"replies":[{"embeddable":true,"href":"http:\/\/www.heilpflanzenschule-bodensee.de\/index.php?rest_route=%2Fwp%2Fv2%2Fcomments&post=186"}],"version-history":[{"count":4,"href":"http:\/\/www.heilpflanzenschule-bodensee.de\/index.php?rest_route=\/wp\/v2\/pages\/186\/revisions"}],"predecessor-version":[{"id":188,"href":"http:\/\/www.heilpflanzenschule-bodensee.de\/index.php?rest_route=\/wp\/v2\/pages\/186\/revisions\/188"}],"wp:attachment":[{"href":"http:\/\/www.heilpflanzenschule-bodensee.de\/index.php?rest_route=%2Fwp%2Fv2%2Fmedia&parent=186"}],"curies":[{"name":"wp","href":"https:\/\/api.w.org\/{rel}","templated":true}]}}