{"id":13,"date":"2011-07-08T15:35:41","date_gmt":"2011-07-08T15:35:41","guid":{"rendered":"http:\/\/www.heilpflanzenschule-bodensee.de\/?page_id=13"},"modified":"2024-02-11T20:42:10","modified_gmt":"2024-02-11T20:42:10","slug":"heilpflanzenschule-taraxacum","status":"publish","type":"page","link":"http:\/\/www.heilpflanzenschule-bodensee.de\/?page_id=13","title":{"rendered":"Heilpflanzenschule und Kr\u00e4uterwerkstatt &#8222;Taraxacum&#8220;"},"content":{"rendered":"<p>Heilpflanzen: Ein unersch\u00f6pfliches, wunderbares Thema, f\u00fcr deren abschlie\u00dfende Behandlung ein einziges Leben sicher nicht ausreicht!<\/p>\n<p>Aber fangen wir doch schon mal an, denn nur was wir wirklich getan und gef\u00fchlt haben, ist f\u00fcr unsere Seelen von bleibendem Wert!<\/p>\n<p>Heilpflanzen kann man aus den verschiedensten Blickrichtungen betrachten und erfahren:<\/p>\n<ul>\n<li>systematisch nach Struktur und Aufbau,<\/li>\n<li>nach ihren medizinisch wirksamen Inhaltsstoffen,<\/li>\n<li>geschichtlich und mythologisch<\/li>\n<li>nach ihrer Signatur<\/li>\n<li>nach Ihrer planetarischen Zugeh\u00f6rigkeit<\/li>\n<li>nach den volksmedizinischen Anwendungen<\/li>\n<li>meditativ<\/li>\n<li>praktisch in der Anwendung\u2026<\/li>\n<\/ul>\n<p>F\u00fcr mich pers\u00f6nlich steht fest, dass jede Betrachtungsweise ihre Berechtigung hat und hochinteressant ist. Hinzu\u00a0kommt, dass die Sehnsucht des Menschen\u00a0, seine\u00a0Allverbundenheit wieder deutlicher sp\u00fcren zu k\u00f6nnen, immer st\u00e4rker wird!<\/p>\n<p>Unsere Wurzeln sind tief mit der Natur verbunden und bergen ein gro\u00dfes Potential in uns allen. Wir k\u00f6nnen uns ihnen mit Hilfe der Pflanzen wieder ann\u00e4hern und \u00f6ffnen. Im Unterricht und bei den Fachseminaren wird\u00a0\u00a0aus jedem Bereich etwas einflie\u00dfen.<\/p>\n<p>So, wie unser Organismus nur in seiner ganzheitlichen Betrachtungsweise gesund funktionieren kann, so kann man auch die Pflanzenwelt nicht isoliert betrachten. Individuell, wie jeder von uns, ist auch jede Pflanze einer Pflanzenfamilie. Es kommt auf den Standort, die Jahreszeit, die Tageszeit und viele weitere Faktoren an, wie und wo die Pflanze wirkt.<\/p>\n<p><img loading=\"lazy\" decoding=\"async\" class=\"aligncenter wp-image-181 size-full\" title=\"Heilpflanzenschule\" src=\"http:\/\/www.heilpflanzenschule-bodensee.de\/wp-content\/uploads\/2011\/07\/slogan_schule.jpg\" alt=\"Heilpflanzenschule\" width=\"549\" height=\"58\" srcset=\"http:\/\/www.heilpflanzenschule-bodensee.de\/wp-content\/uploads\/2011\/07\/slogan_schule.jpg 549w, http:\/\/www.heilpflanzenschule-bodensee.de\/wp-content\/uploads\/2011\/07\/slogan_schule-300x31.jpg 300w\" sizes=\"auto, (max-width: 549px) 100vw, 549px\" \/><\/p>\n<p>In meiner Heilpflanzenschule verbinden wir all diese Bereiche zu einer Einheit, so dass jeder Teilnehmer sich gut gen\u00e4hrt f\u00fchlt.<\/p>\n<p>Eine wichtige S\u00e4ule der Ausbildungen und Seminare stellt die Erarbeitung des Wissens \u00fcber den Aufbau und die Inhaltsstoffe der Pflanzen dar. Das Wissen ist die Voraussetzung f\u00fcr die Umsetzung. Die zweite und ebenso wichtige S\u00e4ule ist dann die praktische Arbeit mit den Pflanzen.<\/p>\n<p><strong>Freuen Sie sich auf viel praktische Arbeit mit den Pflanzen!<\/strong><\/p>\n\n\n<p>Ich freue mich sehr, dass meine Tochter, Samantha Winter ab 2024 die Heilpflanzenschule \u00fcbernommen hat. Ich w\u00fcnsche ihr und euch genauso viele wunderbare Erfahrungen mit den Pflanzen!<\/p>\n","protected":false},"excerpt":{"rendered":"<p>Heilpflanzen: Ein unersch\u00f6pfliches, wunderbares Thema, f\u00fcr deren abschlie\u00dfende Behandlung ein einziges Leben sicher nicht ausreicht! Aber fangen wir doch schon mal an, denn nur was wir wirklich getan und gef\u00fchlt haben, ist f\u00fcr unsere Seelen von bleibendem Wert! Heilpflanzen kann &hellip; <a href=\"http:\/\/www.heilpflanzenschule-bodensee.de\/?page_id=13\">Weiterlesen <span class=\"meta-nav\">&rarr;<\/span><\/a><\/p>\n","protected":false},"author":1,"featured_media":0,"parent":0,"menu_order":0,"comment_status":"closed","ping_status":"closed","template":"","meta":{"footnotes":""},"class_list":["post-13","page","type-page","status-publish","hentry"],"_links":{"self":[{"href":"http:\/\/www.heilpflanzenschule-bodensee.de\/index.php?rest_route=\/wp\/v2\/pages\/13","targetHints":{"allow":["GET"]}}],"collection":[{"href":"http:\/\/www.heilpflanzenschule-bodensee.de\/index.php?rest_route=\/wp\/v2\/pages"}],"about":[{"href":"http:\/\/www.heilpflanzenschule-bodensee.de\/index.php?rest_route=\/wp\/v2\/types\/page"}],"author":[{"embeddable":true,"href":"http:\/\/www.heilpflanzenschule-bodensee.de\/index.php?rest_route=\/wp\/v2\/users\/1"}],"replies":[{"embeddable":true,"href":"http:\/\/www.heilpflanzenschule-bodensee.de\/index.php?rest_route=%2Fwp%2Fv2%2Fcomments&post=13"}],"version-history":[{"count":20,"href":"http:\/\/www.heilpflanzenschule-bodensee.de\/index.php?rest_route=\/wp\/v2\/pages\/13\/revisions"}],"predecessor-version":[{"id":653,"href":"http:\/\/www.heilpflanzenschule-bodensee.de\/index.php?rest_route=\/wp\/v2\/pages\/13\/revisions\/653"}],"wp:attachment":[{"href":"http:\/\/www.heilpflanzenschule-bodensee.de\/index.php?rest_route=%2Fwp%2Fv2%2Fmedia&parent=13"}],"curies":[{"name":"wp","href":"https:\/\/api.w.org\/{rel}","templated":true}]}}