{"id":11,"date":"2011-07-08T16:53:35","date_gmt":"2011-07-08T16:53:35","guid":{"rendered":"http:\/\/www.heilpflanzenschule-bodensee.de\/?page_id=11"},"modified":"2024-09-11T11:29:44","modified_gmt":"2024-09-11T11:29:44","slug":"home","status":"publish","type":"page","link":"http:\/\/www.heilpflanzenschule-bodensee.de\/","title":{"rendered":"Home"},"content":{"rendered":"<p>Liebe Heilpflanzenfreunde,<\/p>\n<p>sch\u00f6n, dass Sie den Weg zu <a title=\"\u00dcber mich\" href=\"http:\/\/www.heilpflanzenschule-bodensee.de\/?page_id=22\">mir<\/a> gefunden haben!<\/p>\n<p>Auf diesen Seiten erfahren Sie vieles \u00fcber meine <a title=\"Heilpflanzenschule und Kr\u00e4uterwerkstatt \u201cTaraxacum\u201d\" href=\"http:\/\/www.heilpflanzenschule-bodensee.de\/?page_id=13\">Heilpflanzenschule<\/a> und wie auch Sie in die faszinierende Welt der Heilpflanzen eintauchen k\u00f6nnen.<\/p>\n<p><strong>Die Heilpflanzenschule Bodensee ist umgezogen auf die sch\u00f6ne Kanarische Insel La Palma.\u00a0<\/strong>Hier im Norden von La Palma biete ich weiterhin Heilpflanzenausbildungen, Kr\u00e4uterspazierg\u00e4nge und Kr\u00e4uterkurse an. Sowohl f\u00fcr hier\u00a0 wohnende oder den Winter verbringenden, als auch f\u00fcr Menschen, die hier Urlaub machen m\u00f6chten und eine Zeit davon in das Gr\u00fcn der Insel eintauchen m\u00f6chten.\u00a0 Hier im Norden der Insel herrschen ideale Bedingungen, um typische Pflanzen der Insel kennen zu lernen als auch bekannten Pflanzen die in Deutschland wachsen zu begegnen. Lerne in einer kleinen pers\u00f6nlichen Gruppe, welche Inhaltsstoffe sie enthalten und wie wir sie f\u00fcr unsere Gesundheit, Kosmetik, Genuss einsetzen k\u00f6nnen. Ich freue mich, wenn ich Dein Interesse geweckt habe. Bei Fragen bin ich jederzeit \u00fcber e-mail (info@hp-winter.de) erreichbar.<\/p>\n<p><img loading=\"lazy\" decoding=\"async\" class=\"alignnone size-full wp-image-60\" style=\"border: 1px solid white;\" title=\"Heilpflanzen\" src=\"http:\/\/www.heilpflanzenschule-bodensee.de\/wp-content\/uploads\/2011\/07\/kraeuter.jpg\" alt=\"Heilpflanzen\" width=\"400\" height=\"300\" srcset=\"http:\/\/www.heilpflanzenschule-bodensee.de\/wp-content\/uploads\/2011\/07\/kraeuter.jpg 400w, http:\/\/www.heilpflanzenschule-bodensee.de\/wp-content\/uploads\/2011\/07\/kraeuter-300x225.jpg 300w\" sizes=\"auto, (max-width: 400px) 100vw, 400px\" \/><\/p>\n","protected":false},"excerpt":{"rendered":"<p>Liebe Heilpflanzenfreunde, sch\u00f6n, dass Sie den Weg zu mir gefunden haben! Auf diesen Seiten erfahren Sie vieles \u00fcber meine Heilpflanzenschule und wie auch Sie in die faszinierende Welt der Heilpflanzen eintauchen k\u00f6nnen. Die Heilpflanzenschule Bodensee ist umgezogen auf die sch\u00f6ne &hellip; <a href=\"http:\/\/www.heilpflanzenschule-bodensee.de\/\">Weiterlesen <span class=\"meta-nav\">&rarr;<\/span><\/a><\/p>\n","protected":false},"author":1,"featured_media":0,"parent":0,"menu_order":0,"comment_status":"closed","ping_status":"closed","template":"","meta":{"footnotes":""},"class_list":["post-11","page","type-page","status-publish","hentry"],"_links":{"self":[{"href":"http:\/\/www.heilpflanzenschule-bodensee.de\/index.php?rest_route=\/wp\/v2\/pages\/11","targetHints":{"allow":["GET"]}}],"collection":[{"href":"http:\/\/www.heilpflanzenschule-bodensee.de\/index.php?rest_route=\/wp\/v2\/pages"}],"about":[{"href":"http:\/\/www.heilpflanzenschule-bodensee.de\/index.php?rest_route=\/wp\/v2\/types\/page"}],"author":[{"embeddable":true,"href":"http:\/\/www.heilpflanzenschule-bodensee.de\/index.php?rest_route=\/wp\/v2\/users\/1"}],"replies":[{"embeddable":true,"href":"http:\/\/www.heilpflanzenschule-bodensee.de\/index.php?rest_route=%2Fwp%2Fv2%2Fcomments&post=11"}],"version-history":[{"count":7,"href":"http:\/\/www.heilpflanzenschule-bodensee.de\/index.php?rest_route=\/wp\/v2\/pages\/11\/revisions"}],"predecessor-version":[{"id":703,"href":"http:\/\/www.heilpflanzenschule-bodensee.de\/index.php?rest_route=\/wp\/v2\/pages\/11\/revisions\/703"}],"wp:attachment":[{"href":"http:\/\/www.heilpflanzenschule-bodensee.de\/index.php?rest_route=%2Fwp%2Fv2%2Fmedia&parent=11"}],"curies":[{"name":"wp","href":"https:\/\/api.w.org\/{rel}","templated":true}]}}